{"id":2,"date":"2025-02-14T10:11:35","date_gmt":"2025-02-14T09:11:35","guid":{"rendered":"http:\/\/mairiesdespaysdesavoienew.com\/?page_id=2"},"modified":"2025-02-28T14:32:35","modified_gmt":"2025-02-28T13:32:35","slug":"page-d-exemple","status":"publish","type":"page","link":"https:\/\/mairiesdespaysdesavoienew.com\/index.php\/page-d-exemple\/","title":{"rendered":"Actualit\u00e9s"},"content":{"rendered":"\t\t<div data-elementor-type=\"wp-page\" data-elementor-id=\"2\" class=\"elementor elementor-2\">\n\t\t\t\t<div class=\"elementor-element elementor-element-c839595 e-flex e-con-boxed e-con e-parent\" data-id=\"c839595\" data-element_type=\"container\">\n\t\t\t\t\t<div class=\"e-con-inner\">\n\t\t\t\t<div class=\"elementor-element elementor-element-809eee3 elementor-widget elementor-widget-ColorMag-Posts-Grid-3\" data-id=\"809eee3\" data-element_type=\"widget\" data-widget_type=\"ColorMag-Posts-Grid-3.default\">\n\t\t\t\t<div class=\"elementor-widget-container\">\n\t\t\t\t\t\n        <div class=\"tg-module-grid tg-module-grid--style-3 tg-module-wrapper\">\n            \n            <div class=\"tg-row thinner\">\n                \n                    <div class=\"tg-col-control\">\n                        <div class=\"tg_module_grid\">\n                                                            <figure class=\"tg-module-thumb\">\n                                    \t\t<a href=\"https:\/\/mairiesdespaysdesavoienew.com\/index.php\/2025\/02\/28\/entrevue-christian-dulac-maire-de-rumilly\/\" class=\"tg-thumb-link\">\n\t\t\t<img fetchpriority=\"high\" decoding=\"async\" width=\"600\" height=\"417\" src=\"https:\/\/mairiesdespaysdesavoienew.com\/wp-content\/uploads\/2025\/02\/Christian_Dulac_Rumilly-1024x486-1-600x417.jpg\" class=\"attachment-colormag-elementor-grid-large-thumbnail size-colormag-elementor-grid-large-thumbnail wp-post-image\" alt=\"\" srcset=\"https:\/\/mairiesdespaysdesavoienew.com\/wp-content\/uploads\/2025\/02\/Christian_Dulac_Rumilly-1024x486-1-600x417.jpg 600w, https:\/\/mairiesdespaysdesavoienew.com\/wp-content\/uploads\/2025\/02\/Christian_Dulac_Rumilly-1024x486-1-392x272.jpg 392w, https:\/\/mairiesdespaysdesavoienew.com\/wp-content\/uploads\/2025\/02\/Christian_Dulac_Rumilly-1024x486-1-130x90.jpg 130w\" sizes=\"(max-width: 600px) 100vw, 600px\" \/>\t\t<\/a>\n\t\t                                <\/figure>\n                            \n                            <div class=\"tg-module-info\">\n                                <div class=\"tg-post-categories\"><a href=\"https:\/\/mairiesdespaysdesavoienew.com\/index.php\/category\/actualite\/\" class=\"tg-post-category\" rel=\"category tag\">Actualit\u00e9<\/a>&nbsp;<\/div>\t\t<h3 class=\"tg-module-title entry-title\">\n\t\t\t<a href=\"https:\/\/mairiesdespaysdesavoienew.com\/index.php\/2025\/02\/28\/entrevue-christian-dulac-maire-de-rumilly\/\">Entrevue : Christian Dulac, maire de Rumilly<\/a>\n\t\t<\/h3>\n\t\t\n\t\t<div class=\"tg-module-meta\">\n\t\t\t\n\t\t\t<span class=\"tg-post-date entry-date\">\n\t\t\t\t<a href=\"https:\/\/mairiesdespaysdesavoienew.com\/index.php\/2025\/02\/28\/entrevue-christian-dulac-maire-de-rumilly\/\" rel=\"bookmark\"><time class=\"entry-date published\" datetime=\"2025-02-28T14:29:08+01:00\">28 February 2025<\/time><time class=\"updated\" datetime=\"2025-02-28T14:31:28+01:00\">28 February 2025<\/time><\/a>\t\t\t<\/span>\n\n\t\t\t<span class=\"tg-post-auther-name author vcard\">\n\t\t\t\t<a class=\"url fn n\" href=\"https:\/\/mairiesdespaysdesavoienew.com\/index.php\/author\/admin4017\/\">admin4017<\/a>\t\t\t<\/span>\n\n\t\t\t\t\t\t\t<span class=\"tg-module-comments\">\n\t\t\t\t\t<a href=\"https:\/\/mairiesdespaysdesavoienew.com\/index.php\/2025\/02\/28\/entrevue-christian-dulac-maire-de-rumilly\/#respond\">0<\/a>\t\t\t\t<\/span>\n\t\t\t\t\t<\/div>\n\n\t\t                            <\/div>\n                        <\/div>\n                    <\/div>\n\n                    \n                    <div class=\"tg-col-control\">\n                        <div class=\"tg_module_grid\">\n                                                            <figure class=\"tg-module-thumb\">\n                                    \t\t<a href=\"https:\/\/mairiesdespaysdesavoienew.com\/index.php\/2025\/02\/28\/les-ambitions-de-lopac-en-2025\/\" class=\"tg-thumb-link\">\n\t\t\t<img decoding=\"async\" width=\"600\" height=\"417\" src=\"https:\/\/mairiesdespaysdesavoienew.com\/wp-content\/uploads\/2025\/02\/Mdps-17fev-2-Opac1grd-1024x567-1-600x417.jpg\" class=\"attachment-colormag-elementor-grid-large-thumbnail size-colormag-elementor-grid-large-thumbnail wp-post-image\" alt=\"\" srcset=\"https:\/\/mairiesdespaysdesavoienew.com\/wp-content\/uploads\/2025\/02\/Mdps-17fev-2-Opac1grd-1024x567-1-600x417.jpg 600w, https:\/\/mairiesdespaysdesavoienew.com\/wp-content\/uploads\/2025\/02\/Mdps-17fev-2-Opac1grd-1024x567-1-392x272.jpg 392w, https:\/\/mairiesdespaysdesavoienew.com\/wp-content\/uploads\/2025\/02\/Mdps-17fev-2-Opac1grd-1024x567-1-130x90.jpg 130w\" sizes=\"(max-width: 600px) 100vw, 600px\" \/>\t\t<\/a>\n\t\t                                <\/figure>\n                            \n                            <div class=\"tg-module-info\">\n                                <div class=\"tg-post-categories\"><a href=\"https:\/\/mairiesdespaysdesavoienew.com\/index.php\/category\/actualite\/\" class=\"tg-post-category\" rel=\"category tag\">Actualit\u00e9<\/a>&nbsp;<\/div>\t\t<h3 class=\"tg-module-title entry-title\">\n\t\t\t<a href=\"https:\/\/mairiesdespaysdesavoienew.com\/index.php\/2025\/02\/28\/les-ambitions-de-lopac-en-2025\/\">Les ambitions de l&#8217;OPAC en 2025<\/a>\n\t\t<\/h3>\n\t\t\n\t\t<div class=\"tg-module-meta\">\n\t\t\t\n\t\t\t<span class=\"tg-post-date entry-date\">\n\t\t\t\t<a href=\"https:\/\/mairiesdespaysdesavoienew.com\/index.php\/2025\/02\/28\/les-ambitions-de-lopac-en-2025\/\" rel=\"bookmark\"><time class=\"entry-date published\" datetime=\"2025-02-28T14:21:24+01:00\">28 February 2025<\/time><time class=\"updated\" datetime=\"2025-02-28T14:31:24+01:00\">28 February 2025<\/time><\/a>\t\t\t<\/span>\n\n\t\t\t<span class=\"tg-post-auther-name author vcard\">\n\t\t\t\t<a class=\"url fn n\" href=\"https:\/\/mairiesdespaysdesavoienew.com\/index.php\/author\/admin4017\/\">admin4017<\/a>\t\t\t<\/span>\n\n\t\t\t\t\t\t\t<span class=\"tg-module-comments\">\n\t\t\t\t\t<a href=\"https:\/\/mairiesdespaysdesavoienew.com\/index.php\/2025\/02\/28\/les-ambitions-de-lopac-en-2025\/#respond\">0<\/a>\t\t\t\t<\/span>\n\t\t\t\t\t<\/div>\n\n\t\t                            <\/div>\n                        <\/div>\n                    <\/div>\n\n                    \n                    <div class=\"tg-col-control\">\n                        <div class=\"tg_module_grid\">\n                                                            <figure class=\"tg-module-thumb\">\n                                    \t\t<a href=\"https:\/\/mairiesdespaysdesavoienew.com\/index.php\/2025\/02\/28\/test-article-1\/\" class=\"tg-thumb-link\">\n\t\t\t<img decoding=\"async\" width=\"600\" height=\"417\" src=\"https:\/\/mairiesdespaysdesavoienew.com\/wp-content\/uploads\/2025\/02\/DALL\u00b7E-2025-02-28-14.07.46-A-picturesque-town-hall-in-the-Pays-de-Savoie-France.-The-building-features-traditional-alpine-architecture-with-stone-and-wooden-facades-surrounded-600x417.webp\" class=\"attachment-colormag-elementor-grid-large-thumbnail size-colormag-elementor-grid-large-thumbnail wp-post-image\" alt=\"\" srcset=\"https:\/\/mairiesdespaysdesavoienew.com\/wp-content\/uploads\/2025\/02\/DALL\u00b7E-2025-02-28-14.07.46-A-picturesque-town-hall-in-the-Pays-de-Savoie-France.-The-building-features-traditional-alpine-architecture-with-stone-and-wooden-facades-surrounded-600x417.webp 600w, https:\/\/mairiesdespaysdesavoienew.com\/wp-content\/uploads\/2025\/02\/DALL\u00b7E-2025-02-28-14.07.46-A-picturesque-town-hall-in-the-Pays-de-Savoie-France.-The-building-features-traditional-alpine-architecture-with-stone-and-wooden-facades-surrounded-392x272.webp 392w, https:\/\/mairiesdespaysdesavoienew.com\/wp-content\/uploads\/2025\/02\/DALL\u00b7E-2025-02-28-14.07.46-A-picturesque-town-hall-in-the-Pays-de-Savoie-France.-The-building-features-traditional-alpine-architecture-with-stone-and-wooden-facades-surrounded-130x90.webp 130w\" sizes=\"(max-width: 600px) 100vw, 600px\" \/>\t\t<\/a>\n\t\t                                <\/figure>\n                            \n                            <div class=\"tg-module-info\">\n                                <div class=\"tg-post-categories\"><a href=\"https:\/\/mairiesdespaysdesavoienew.com\/index.php\/category\/actualite\/\" class=\"tg-post-category\" rel=\"category tag\">Actualit\u00e9<\/a>&nbsp;<\/div>\t\t<h3 class=\"tg-module-title entry-title\">\n\t\t\t<a href=\"https:\/\/mairiesdespaysdesavoienew.com\/index.php\/2025\/02\/28\/test-article-1\/\">Test Article 1<\/a>\n\t\t<\/h3>\n\t\t\n\t\t<div class=\"tg-module-meta\">\n\t\t\t\n\t\t\t<span class=\"tg-post-date entry-date\">\n\t\t\t\t<a href=\"https:\/\/mairiesdespaysdesavoienew.com\/index.php\/2025\/02\/28\/test-article-1\/\" rel=\"bookmark\"><time class=\"entry-date published\" datetime=\"2025-02-28T14:08:53+01:00\">28 February 2025<\/time><time class=\"updated\" datetime=\"2025-02-28T14:31:18+01:00\">28 February 2025<\/time><\/a>\t\t\t<\/span>\n\n\t\t\t<span class=\"tg-post-auther-name author vcard\">\n\t\t\t\t<a class=\"url fn n\" href=\"https:\/\/mairiesdespaysdesavoienew.com\/index.php\/author\/admin4017\/\">admin4017<\/a>\t\t\t<\/span>\n\n\t\t\t\t\t\t\t<span class=\"tg-module-comments\">\n\t\t\t\t\t<a href=\"https:\/\/mairiesdespaysdesavoienew.com\/index.php\/2025\/02\/28\/test-article-1\/#respond\">0<\/a>\t\t\t\t<\/span>\n\t\t\t\t\t<\/div>\n\n\t\t                            <\/div>\n                        <\/div>\n                    <\/div>\n\n                                <\/div>\n        <\/div>\n\n        \t\t\t\t<\/div>\n\t\t\t\t<\/div>\n\t\t\t\t\t<\/div>\n\t\t\t\t<\/div>\n\t\t\t\t<\/div>\n\t\t","protected":false},"excerpt":{"rendered":"<p>Actualit\u00e9&nbsp; Entrevue : Christian Dulac, maire de Rumilly 28 f\u00e9vrier 202528 f\u00e9vrier 2025 admin4017 0 Actualit\u00e9&nbsp; Les ambitions de l&rsquo;OPAC<\/p>\n","protected":false},"author":1,"featured_media":0,"parent":0,"menu_order":0,"comment_status":"closed","ping_status":"open","template":"","meta":{"footnotes":""},"class_list":["post-2","page","type-page","status-publish","hentry"],"_links":{"self":[{"href":"https:\/\/mairiesdespaysdesavoienew.com\/index.php\/wp-json\/wp\/v2\/pages\/2","targetHints":{"allow":["GET"]}}],"collection":[{"href":"https:\/\/mairiesdespaysdesavoienew.com\/index.php\/wp-json\/wp\/v2\/pages"}],"about":[{"href":"https:\/\/mairiesdespaysdesavoienew.com\/index.php\/wp-json\/wp\/v2\/types\/page"}],"author":[{"embeddable":true,"href":"https:\/\/mairiesdespaysdesavoienew.com\/index.php\/wp-json\/wp\/v2\/users\/1"}],"replies":[{"embeddable":true,"href":"https:\/\/mairiesdespaysdesavoienew.com\/index.php\/wp-json\/wp\/v2\/comments?post=2"}],"version-history":[{"count":12,"href":"https:\/\/mairiesdespaysdesavoienew.com\/index.php\/wp-json\/wp\/v2\/pages\/2\/revisions"}],"predecessor-version":[{"id":40,"href":"https:\/\/mairiesdespaysdesavoienew.com\/index.php\/wp-json\/wp\/v2\/pages\/2\/revisions\/40"}],"wp:attachment":[{"href":"https:\/\/mairiesdespaysdesavoienew.com\/index.php\/wp-json\/wp\/v2\/media?parent=2"}],"curies":[{"name":"wp","href":"https:\/\/api.w.org\/{rel}","templated":true}]}}