{"id":41,"date":"2025-02-28T14:35:03","date_gmt":"2025-02-28T13:35:03","guid":{"rendered":"http:\/\/mairiesdespaysdesavoienew.com\/?page_id=41"},"modified":"2025-02-28T14:38:32","modified_gmt":"2025-02-28T13:38:32","slug":"societe","status":"publish","type":"page","link":"https:\/\/mairiesdespaysdesavoienew.com\/index.php\/societe\/","title":{"rendered":"Soci\u00e9t\u00e9"},"content":{"rendered":"\t\t<div data-elementor-type=\"wp-page\" data-elementor-id=\"41\" class=\"elementor elementor-41\">\n\t\t\t\t<div class=\"elementor-element elementor-element-6d0a9d8 e-flex e-con-boxed e-con e-parent\" data-id=\"6d0a9d8\" data-element_type=\"container\">\n\t\t\t\t\t<div class=\"e-con-inner\">\n\t\t\t\t<div class=\"elementor-element elementor-element-c170d73 elementor-widget elementor-widget-ColorMag-Posts-Grid-3\" data-id=\"c170d73\" data-element_type=\"widget\" data-widget_type=\"ColorMag-Posts-Grid-3.default\">\n\t\t\t\t<div class=\"elementor-widget-container\">\n\t\t\t\t\t\n        <div class=\"tg-module-grid tg-module-grid--style-3 tg-module-wrapper\">\n            \n            <div class=\"tg-row thinner\">\n                \n                    <div class=\"tg-col-control\">\n                        <div class=\"tg_module_grid\">\n                                                            <figure class=\"tg-module-thumb\">\n                                    \t\t<a href=\"https:\/\/mairiesdespaysdesavoienew.com\/index.php\/2025\/02\/28\/cristal-habitat-a-trouve-un-moyen-original-pour-aider-les-associations\/\" class=\"tg-thumb-link\">\n\t\t\t<img fetchpriority=\"high\" decoding=\"async\" width=\"600\" height=\"417\" src=\"https:\/\/mairiesdespaysdesavoienew.com\/wp-content\/uploads\/2025\/02\/Mdps-17fev-3-Cristal1grd-1024x527-1-600x417.jpg\" class=\"attachment-colormag-elementor-grid-large-thumbnail size-colormag-elementor-grid-large-thumbnail wp-post-image\" alt=\"\" srcset=\"https:\/\/mairiesdespaysdesavoienew.com\/wp-content\/uploads\/2025\/02\/Mdps-17fev-3-Cristal1grd-1024x527-1-600x417.jpg 600w, https:\/\/mairiesdespaysdesavoienew.com\/wp-content\/uploads\/2025\/02\/Mdps-17fev-3-Cristal1grd-1024x527-1-392x272.jpg 392w, https:\/\/mairiesdespaysdesavoienew.com\/wp-content\/uploads\/2025\/02\/Mdps-17fev-3-Cristal1grd-1024x527-1-130x90.jpg 130w\" sizes=\"(max-width: 600px) 100vw, 600px\" \/>\t\t<\/a>\n\t\t                                <\/figure>\n                            \n                            <div class=\"tg-module-info\">\n                                <div class=\"tg-post-categories\"><a href=\"https:\/\/mairiesdespaysdesavoienew.com\/index.php\/category\/societe\/\" class=\"tg-post-category\" rel=\"category tag\">Soci\u00e9t\u00e9<\/a>&nbsp;<\/div>\t\t<h3 class=\"tg-module-title entry-title\">\n\t\t\t<a href=\"https:\/\/mairiesdespaysdesavoienew.com\/index.php\/2025\/02\/28\/cristal-habitat-a-trouve-un-moyen-original-pour-aider-les-associations\/\">Cristal Habitat a trouv\u00e9 un moyen original pour aider les associations<\/a>\n\t\t<\/h3>\n\t\t\n\t\t<div class=\"tg-module-meta\">\n\t\t\t\n\t\t\t<span class=\"tg-post-date entry-date\">\n\t\t\t\t<a href=\"https:\/\/mairiesdespaysdesavoienew.com\/index.php\/2025\/02\/28\/cristal-habitat-a-trouve-un-moyen-original-pour-aider-les-associations\/\" rel=\"bookmark\"><time class=\"entry-date published\" datetime=\"2025-02-28T14:37:15+01:00\">28 February 2025<\/time><time class=\"updated\" datetime=\"2025-02-28T14:38:02+01:00\">28 February 2025<\/time><\/a>\t\t\t<\/span>\n\n\t\t\t<span class=\"tg-post-auther-name author vcard\">\n\t\t\t\t<a class=\"url fn n\" href=\"https:\/\/mairiesdespaysdesavoienew.com\/index.php\/author\/admin4017\/\">admin4017<\/a>\t\t\t<\/span>\n\n\t\t\t\t\t\t\t<span class=\"tg-module-comments\">\n\t\t\t\t\t<a href=\"https:\/\/mairiesdespaysdesavoienew.com\/index.php\/2025\/02\/28\/cristal-habitat-a-trouve-un-moyen-original-pour-aider-les-associations\/#respond\">0<\/a>\t\t\t\t<\/span>\n\t\t\t\t\t<\/div>\n\n\t\t                            <\/div>\n                        <\/div>\n                    <\/div>\n\n                                <\/div>\n        <\/div>\n\n        \t\t\t\t<\/div>\n\t\t\t\t<\/div>\n\t\t\t\t\t<\/div>\n\t\t\t\t<\/div>\n\t\t\t\t<\/div>\n\t\t","protected":false},"excerpt":{"rendered":"<p>Soci\u00e9t\u00e9&nbsp; Cristal Habitat a trouv\u00e9 un moyen original pour aider les associations 28 f\u00e9vrier 202528 f\u00e9vrier 2025 admin4017 0<\/p>\n","protected":false},"author":1,"featured_media":0,"parent":0,"menu_order":0,"comment_status":"closed","ping_status":"closed","template":"","meta":{"footnotes":""},"class_list":["post-41","page","type-page","status-publish","hentry"],"_links":{"self":[{"href":"https:\/\/mairiesdespaysdesavoienew.com\/index.php\/wp-json\/wp\/v2\/pages\/41","targetHints":{"allow":["GET"]}}],"collection":[{"href":"https:\/\/mairiesdespaysdesavoienew.com\/index.php\/wp-json\/wp\/v2\/pages"}],"about":[{"href":"https:\/\/mairiesdespaysdesavoienew.com\/index.php\/wp-json\/wp\/v2\/types\/page"}],"author":[{"embeddable":true,"href":"https:\/\/mairiesdespaysdesavoienew.com\/index.php\/wp-json\/wp\/v2\/users\/1"}],"replies":[{"embeddable":true,"href":"https:\/\/mairiesdespaysdesavoienew.com\/index.php\/wp-json\/wp\/v2\/comments?post=41"}],"version-history":[{"count":7,"href":"https:\/\/mairiesdespaysdesavoienew.com\/index.php\/wp-json\/wp\/v2\/pages\/41\/revisions"}],"predecessor-version":[{"id":51,"href":"https:\/\/mairiesdespaysdesavoienew.com\/index.php\/wp-json\/wp\/v2\/pages\/41\/revisions\/51"}],"wp:attachment":[{"href":"https:\/\/mairiesdespaysdesavoienew.com\/index.php\/wp-json\/wp\/v2\/media?parent=41"}],"curies":[{"name":"wp","href":"https:\/\/api.w.org\/{rel}","templated":true}]}}